{"id":7800,"date":"2018-09-17T13:01:43","date_gmt":"2018-09-17T12:01:43","guid":{"rendered":"https:\/\/vitruviusyachts.com\/wordpress-cms\/?page_id=7800"},"modified":"2025-03-19T17:36:55","modified_gmt":"2025-03-19T17:36:55","slug":"politique-de-confidentialite","status":"publish","type":"page","link":"https:\/\/vitruviusyachts.com\/it\/politique-de-confidentialite\/","title":{"rendered":"Politique de confidentialit\u00e9"},"content":{"rendered":"<p>Vitruvius Yachts<br \/>\n53 Stewart\u2019s Grove<br \/>\nLondon<br \/>\nSW3 6PH<\/p>\n<p>Raccogliamo alcuni dati quando utilizzi questo sito web. Di seguito trovi la descrizione dei tipi di dati che raccogliamo e come li utilizziamo.<\/p>\n<p><strong>Informazioni che raccogliamo<\/strong><\/p>\n<p>Raccogliamo dati in 3 modi<\/p>\n<p><strong>1. DATI CHE CI FORNISCI<\/strong><br \/>\nPuoi fornirci dati tramite i moduli che compili quando ti registri o la corrispondenza che hai con noi, questi dati includeranno dati personali come il tuo nome, indirizzo, email e informazioni finanziarie.<\/p>\n<p><strong>2. DATI CHE RACCOGLIAMO SU DI TE<\/strong><br \/>\nPotremmo registrare il tuo utilizzo del sito, ad esempio l&#8217;orario, l&#8217;indirizzo IP, la posizione e la frequenza dei tuoi accessi, quali pagine vengono visualizzate di pi\u00f9 e altre informazioni che ci aiutano a fornire un servizio migliore e a monitorare eventuali abusi.<\/p>\n<p><strong>3. INFORMAZIONI DA ALTRI FONTI<\/strong><br \/>\nAlcuni dei servizi di terze parti che utilizziamo, come MailChimp, possono fornire ulteriori dati dalle informazioni che invii loro e che loro condividono con noi.<\/p>\n<p>&nbsp;<\/p>\n<h2>Cosa facciamo con i tuoi dati<\/h2>\n<p><strong>USI<\/strong><br \/>\nUtilizziamo i dati per monitorare l&#8217;utilizzo del sito web e per migliorare il servizio che offriamo.<\/p>\n<p>Monitoriamo anche l&#8217;uso del sito per eventuali abusi o altri usi.<\/p>\n<p><strong>PER QUANTO TEMPO CONSERVIAMO I DATI<\/strong><br \/>\nConserviamo tutti i dati per tutta la durata della tua iscrizione e, se ti disiscrivi, li conserveremo in modo sicuro per la durata della vita di questo sito web, salvo diversa istruzione.<\/p>\n<p><strong>I TUOI DIRITTI<\/strong><br \/>\nPuoi scoprire quali informazioni conserviamo su di te e chiederci di non utilizzare nessuna delle informazioni che raccogliamo contattandoci.<\/p>\n<p>&nbsp;<\/p>\n<p><strong>Sicurezza<\/strong><\/p>\n<p>Ospitiamo su server sicuri nell&#8217;Area Economica Europea (EEA) e proteggiamo il sito con un firewall e crittografiamo tutti i dati trasmessi. Continueremo a eseguire audit sulla sicurezza del servizio per mantenere un alto livello di sicurezza e aggiornare tempestivamente qualsiasi software pertinente con patch di sicurezza.<\/p>\n<p>Detto ci\u00f2, l&#8217;invio di qualsiasi informazione via Internet non \u00e8 completamente sicuro e qualsiasi dato inviato \u00e8 a tuo rischio.<\/p>\n<p><strong>Registrazioni finanziarie<\/strong><\/p>\n<p>Non conserviamo alcun dettaglio finanziario o di carta di credito completo sul nostro sito web.<\/p>\n<p>&nbsp;<\/p>\n<h2>Aspetti legali<\/h2>\n<p><strong>PROTEZIONE DEI DATI<\/strong><\/p>\n<p>Conserviamo e utilizziamo tutti i dati in modo responsabile.<\/p>\n<p>Inoltre, il nostro host e i server per i dati che conserviamo si trovano nell&#8217;Area Economica Europea (EEA). Alcuni dei nostri fornitori di terze parti si trovano al di fuori dell&#8217;EEA, ma abbiamo controlli rigorosi sull&#8217;accesso ai dati. Inviando i tuoi dati, accetti quanto sopra.<\/p>\n<p><strong>ACCESSIBILIT\u00c0<\/strong><\/p>\n<p>Il nostro sito web aderisce alle parti richieste delle Linee Guida per l&#8217;Accessibilit\u00e0 dei Contenuti Web (WCAG) e alle parti pertinenti del Equality Act 2010.<\/p>\n<p>&nbsp;<\/p>\n<p><strong>Ulteriori informazioni<\/strong><\/p>\n<p>Ulteriori dettagli possono essere letti nella nostra <a href=\"https:\/\/vitruviusyachts.com\/wordpress-cms\/cookies\/\">politica sui cookie<\/a>.<\/p>\n","protected":false},"excerpt":{"rendered":"<p>Vitruvius Yachts 53 Stewart\u2019s Grove London SW3 6PH Raccogliamo alcuni dati quando utilizzi questo sito web. Di seguito trovi la descrizione dei tipi di dati che raccogliamo e come li utilizziamo. Informazioni che raccogliamo Raccogliamo dati in 3 modi 1. DATI CHE CI FORNISCI Puoi fornirci dati tramite i moduli che compili quando ti registri [&hellip;]<\/p>\n","protected":false},"author":1,"featured_media":0,"parent":0,"menu_order":500,"comment_status":"closed","ping_status":"closed","template":"","meta":{"_acf_changed":false,"footnotes":""},"class_list":["post-7800","page","type-page","status-publish","hentry"],"acf":[],"_links":{"self":[{"href":"https:\/\/vitruviusyachts.com\/it\/wp-json\/wp\/v2\/pages\/7800","targetHints":{"allow":["GET"]}}],"collection":[{"href":"https:\/\/vitruviusyachts.com\/it\/wp-json\/wp\/v2\/pages"}],"about":[{"href":"https:\/\/vitruviusyachts.com\/it\/wp-json\/wp\/v2\/types\/page"}],"author":[{"embeddable":true,"href":"https:\/\/vitruviusyachts.com\/it\/wp-json\/wp\/v2\/users\/1"}],"replies":[{"embeddable":true,"href":"https:\/\/vitruviusyachts.com\/it\/wp-json\/wp\/v2\/comments?post=7800"}],"version-history":[{"count":1,"href":"https:\/\/vitruviusyachts.com\/it\/wp-json\/wp\/v2\/pages\/7800\/revisions"}],"predecessor-version":[{"id":7801,"href":"https:\/\/vitruviusyachts.com\/it\/wp-json\/wp\/v2\/pages\/7800\/revisions\/7801"}],"wp:attachment":[{"href":"https:\/\/vitruviusyachts.com\/it\/wp-json\/wp\/v2\/media?parent=7800"}],"curies":[{"name":"wp","href":"https:\/\/api.w.org\/{rel}","templated":true}]}}