{"id":7798,"date":"2018-09-17T13:01:43","date_gmt":"2018-09-17T12:01:43","guid":{"rendered":"https:\/\/vitruviusyachts.com\/wordpress-cms\/?page_id=7798"},"modified":"2025-03-19T17:33:00","modified_gmt":"2025-03-19T17:33:00","slug":"politique-de-confidentialite","status":"publish","type":"page","link":"https:\/\/vitruviusyachts.com\/fr\/politique-de-confidentialite\/","title":{"rendered":"Politique de confidentialit\u00e9"},"content":{"rendered":"<p>Vitruvius Yachts<br \/>\n53 Stewart\u2019s Grove<br \/>\nLondon<br \/>\nSW3 6PH<\/p>\n<p>Nous collectons certaines donn\u00e9es lorsque vous utilisez ce site web. Voici un<\/p>\n<p><strong>Informations que nous collectons<\/strong><\/p>\n<p>Nous collectons des donn\u00e9es de trois mani\u00e8res :<\/p>\n<p><strong>1.DONN\u00c9ES QUE VOUS NOUS FOURNISSEZ<\/strong><br \/>\nVous pouvez nous fournir des donn\u00e9es via les formulaires que vous remplissez lorsque vous vous inscrivez ou par la correspondance que vous avez avec nous. Ces donn\u00e9es incluent des informations personnelles telles que votre nom, votre adresse, votre email et vos informations financi\u00e8res.<\/p>\n<p><strong>2. DONN\u00c9ES QUE NOUS COLLECTONS \u00c0 VOTRE SUJET<\/strong><br \/>\nNous pouvons enregistrer votre utilisation du site, par exemple, l&rsquo;heure, l&rsquo;adresse IP, la localisation, la fr\u00e9quence de vos connexions, les pages les plus consult\u00e9es et d&rsquo;autres informations qui nous aident \u00e0 offrir un meilleur service et \u00e0 suivre les abus.<\/p>\n<p><strong>3. INFORMATIONS PROVENANT D&rsquo;AUTRES SOURCES<\/strong><br \/>\nCertains des services tiers que nous utilisons, comme MailChimp, peuvent nous fournir des donn\u00e9es suppl\u00e9mentaires \u00e0 partir des informations que vous leur envoyez et qu&rsquo;ils partagent avec nous.<\/p>\n<p>&nbsp;<\/p>\n<p>Ce que nous faisons de vos donn\u00e9es<\/p>\n<p><strong>UTILISATIONS<\/strong><br \/>\nNous utilisons les donn\u00e9es pour suivre l\u2019utilisation du site et am\u00e9liorer le service que nous offrons.<\/p>\n<p>Nous surveillons \u00e9galement l&rsquo;utilisation du site pour tout abus ou autre utilisation.<\/p>\n<p><strong>COMBIEN DE TEMPS CONSERVONS-NOUS LES DONN\u00c9ES<\/strong><br \/>\nNous conservons toutes les donn\u00e9es pendant la dur\u00e9e de votre adh\u00e9sion et, une fois que vous vous d\u00e9sabonnez, nous les conservons en toute s\u00e9curit\u00e9 pour la dur\u00e9e de vie de ce site, sauf indication contraire.<\/p>\n<p><strong>VOS DROITS<\/strong><br \/>\nVous pouvez savoir quelles informations nous d\u00e9tenons \u00e0 votre sujet et nous demander de ne pas utiliser certaines des informations que nous collectons en nous contactant.<\/p>\n<p>&nbsp;<\/p>\n<p><strong>S\u00e9curit\u00e9<\/strong><\/p>\n<p>Nous h\u00e9bergeons sur des serveurs s\u00e9curis\u00e9s dans l&rsquo;Espace \u00e9conomique europ\u00e9en (EEE) et prot\u00e9geons le site derri\u00e8re un pare-feu, en cryptant toutes les donn\u00e9es transmises. Nous continuerons \u00e0 auditer la s\u00e9curit\u00e9 du service afin de maintenir un niveau de s\u00e9curit\u00e9 \u00e9lev\u00e9 et de mettre \u00e0 jour tout logiciel pertinent avec des patchs de s\u00e9curit\u00e9 de mani\u00e8re opportune.<\/p>\n<p>Cela dit, l&rsquo;envoi d&rsquo;informations sur Internet n&rsquo;est pas compl\u00e8tement s\u00e9curis\u00e9 et toutes les donn\u00e9es que vous envoyez le sont \u00e0 vos propres risques.<\/p>\n<p><strong>Registres financiers<\/strong><\/p>\n<p>Nous ne stockons aucune information financi\u00e8re compl\u00e8te ou de carte de cr\u00e9dit sur notre site web.<\/p>\n<p>&nbsp;<\/p>\n<h2><strong>L\u00e9galit\u00e9<\/strong><\/h2>\n<p><strong>Protection des donn\u00e9es<\/strong><\/p>\n<p>Nous stockons et utilisons toutes les donn\u00e9es de mani\u00e8re responsable.<\/p>\n<p>De plus, notre h\u00f4te et nos serveurs pour les donn\u00e9es que nous stockons se trouvent dans l&rsquo;Espace \u00e9conomique europ\u00e9en (EEE). Certains de nos fournisseurs tiers sont bas\u00e9s en dehors de l&rsquo;EEE, mais nous avons des contr\u00f4les stricts pour l&rsquo;acc\u00e8s et les donn\u00e9es. En soumettant vos donn\u00e9es, vous acceptez cela.<\/p>\n<p><strong>Accessibilit\u00e9<\/strong><\/p>\n<p>Notre site web respecte les parties requises des Directives sur l\u2019accessibilit\u00e9 du contenu web (WCAG) et les parties pertinentes de la loi sur l&rsquo;\u00c9galit\u00e9 de 2010.<\/p>\n<p>&nbsp;<\/p>\n<p><strong>Plus d&rsquo;informations<\/strong><\/p>\n<p>Des d\u00e9tails suppl\u00e9mentaires peuvent \u00eatre lus dans notre <a href=\"https:\/\/vitruviusyachts.com\/wordpress-cms\/cookies\/\">politique de cookies<\/a>.<\/p>\n","protected":false},"excerpt":{"rendered":"<p>Vitruvius Yachts 53 Stewart\u2019s Grove London SW3 6PH Nous collectons certaines donn\u00e9es lorsque vous utilisez ce site web. Voici un Informations que nous collectons Nous collectons des donn\u00e9es de trois mani\u00e8res : 1.DONN\u00c9ES QUE VOUS NOUS FOURNISSEZ Vous pouvez nous fournir des donn\u00e9es via les formulaires que vous remplissez lorsque vous vous inscrivez ou par [&hellip;]<\/p>\n","protected":false},"author":1,"featured_media":0,"parent":0,"menu_order":500,"comment_status":"closed","ping_status":"closed","template":"","meta":{"_acf_changed":false,"footnotes":""},"class_list":["post-7798","page","type-page","status-publish","hentry"],"acf":[],"_links":{"self":[{"href":"https:\/\/vitruviusyachts.com\/fr\/wp-json\/wp\/v2\/pages\/7798","targetHints":{"allow":["GET"]}}],"collection":[{"href":"https:\/\/vitruviusyachts.com\/fr\/wp-json\/wp\/v2\/pages"}],"about":[{"href":"https:\/\/vitruviusyachts.com\/fr\/wp-json\/wp\/v2\/types\/page"}],"author":[{"embeddable":true,"href":"https:\/\/vitruviusyachts.com\/fr\/wp-json\/wp\/v2\/users\/1"}],"replies":[{"embeddable":true,"href":"https:\/\/vitruviusyachts.com\/fr\/wp-json\/wp\/v2\/comments?post=7798"}],"version-history":[{"count":1,"href":"https:\/\/vitruviusyachts.com\/fr\/wp-json\/wp\/v2\/pages\/7798\/revisions"}],"predecessor-version":[{"id":7799,"href":"https:\/\/vitruviusyachts.com\/fr\/wp-json\/wp\/v2\/pages\/7798\/revisions\/7799"}],"wp:attachment":[{"href":"https:\/\/vitruviusyachts.com\/fr\/wp-json\/wp\/v2\/media?parent=7798"}],"curies":[{"name":"wp","href":"https:\/\/api.w.org\/{rel}","templated":true}]}}